{"id":761,"date":"2019-06-18T09:23:14","date_gmt":"2019-06-18T09:23:14","guid":{"rendered":"http:\/\/liaison.gr.185-4-133-25.linuxzone74.grserver.gr\/?page_id=761"},"modified":"2019-07-03T11:11:05","modified_gmt":"2019-07-03T08:11:05","slug":"traduction-services","status":"publish","type":"page","link":"https:\/\/liaison.gr\/fr\/traduction-services\/","title":{"rendered":"Traduction Services"},"content":{"rendered":"\t\t<div data-elementor-type=\"wp-post\" data-elementor-id=\"761\" class=\"elementor elementor-761 elementor-602\">\n\t\t\t\t\t\t<section class=\"elementor-section elementor-top-section elementor-element elementor-element-6f0704d elementor-section-full_width elementor-section-height-min-height elementor-section-height-default elementor-section-items-middle\" data-id=\"6f0704d\" data-element_type=\"section\" data-e-type=\"section\" data-settings=\"{&quot;background_background&quot;:&quot;classic&quot;}\">\n\t\t\t\t\t\t<div class=\"elementor-container elementor-column-gap-default\">\n\t\t\t\t\t<div class=\"elementor-column elementor-col-100 elementor-top-column elementor-element elementor-element-8a4a94b\" data-id=\"8a4a94b\" data-element_type=\"column\" data-e-type=\"column\">\n\t\t\t<div class=\"elementor-widget-wrap\">\n\t\t\t\t\t\t\t<\/div>\n\t\t<\/div>\n\t\t\t\t\t<\/div>\n\t\t<\/section>\n\t\t\t\t<section class=\"elementor-section elementor-top-section elementor-element elementor-element-fb00e8a elementor-section-boxed elementor-section-height-default elementor-section-height-default\" data-id=\"fb00e8a\" data-element_type=\"section\" data-e-type=\"section\">\n\t\t\t\t\t\t<div class=\"elementor-container elementor-column-gap-default\">\n\t\t\t\t\t<div class=\"elementor-column elementor-col-100 elementor-top-column elementor-element elementor-element-a67b82d\" data-id=\"a67b82d\" data-element_type=\"column\" data-e-type=\"column\">\n\t\t\t<div class=\"elementor-widget-wrap elementor-element-populated\">\n\t\t\t\t\t\t<div class=\"elementor-element elementor-element-c8d5f1c elementor-position-left elementor-vertical-align-top elementor-widget elementor-widget-image-box\" data-id=\"c8d5f1c\" data-element_type=\"widget\" data-e-type=\"widget\" data-widget_type=\"image-box.default\">\n\t\t\t\t<div class=\"elementor-widget-container\">\n\t\t\t\t\t<div class=\"elementor-image-box-wrapper\"><figure class=\"elementor-image-box-img\"><img decoding=\"async\" width=\"48\" height=\"114\" src=\"https:\/\/liaison.gr\/wp-content\/uploads\/2019\/06\/Liaison-translation-interpreting-services-Vassiliki-Dadavassili-icon.jpg\" class=\"attachment-full size-full wp-image-591\" alt=\"Liaison - translation - interpreting services - Vassiliki Dadavassili - icon\" \/><\/figure><div class=\"elementor-image-box-content\"><h2 class=\"elementor-image-box-title\">Traduction Services<\/h2><p class=\"elementor-image-box-description\">Pour nous, aucun projet de traduction n'est trop vaste pour \u00eatre g\u00e9r\u00e9, ni trop petit pour m\u00e9riter toute notre attention.<\/p><\/div><\/div>\t\t\t\t<\/div>\n\t\t\t\t<\/div>\n\t\t\t\t\t<\/div>\n\t\t<\/div>\n\t\t\t\t\t<\/div>\n\t\t<\/section>\n\t\t\t\t<section class=\"elementor-section elementor-top-section elementor-element elementor-element-e6bc3f0 elementor-section-boxed elementor-section-height-default elementor-section-height-default\" data-id=\"e6bc3f0\" data-element_type=\"section\" data-e-type=\"section\">\n\t\t\t\t\t\t<div class=\"elementor-container elementor-column-gap-default\">\n\t\t\t\t\t<div class=\"elementor-column elementor-col-66 elementor-top-column elementor-element elementor-element-4f2ccf8\" data-id=\"4f2ccf8\" data-element_type=\"column\" data-e-type=\"column\">\n\t\t\t<div class=\"elementor-widget-wrap elementor-element-populated\">\n\t\t\t\t\t\t<div class=\"elementor-element elementor-element-3a96ce5 elementor-widget elementor-widget-text-editor\" data-id=\"3a96ce5\" data-element_type=\"widget\" data-e-type=\"widget\" data-widget_type=\"text-editor.default\">\n\t\t\t\t<div class=\"elementor-widget-container\">\n\t\t\t\t\t\t\t\t\t<p>Le traducteur professionnel et comp\u00e9tent a \u00e9tudi\u00e9 l\u2019art de transf\u00e9rer avec pr\u00e9cision le sens d&rsquo;une langue \u00e0 l&rsquo;autre. Gr\u00e2ce \u00e0 un ensemble d&rsquo;outils technologiques et de logiciels modernes (th\u00e9saurus, corpus, textes de r\u00e9f\u00e9rence, m\u00e9moires de traduction, etc.), un traducteur cherche \u00e0 trouver rapidement des solutions aux probl\u00e8mes les plus difficiles qui peuvent se poser. Pour nous, aucun projet de traduction n&rsquo;est trop vaste pour \u00eatre g\u00e9r\u00e9, ni trop petit pour m\u00e9riter toute notre attention. Une fois la traduction termin\u00e9e, elle est relue, corrig\u00e9e et v\u00e9rifi\u00e9e avant d&rsquo;\u00eatre livr\u00e9e au client.<\/p><p><span style=\"color: #bf1e2e;\"><strong>Nous traduisons, entre autres choses :<\/strong><\/span><\/p><ul><li>Les certificats et autres documents officiels<\/li><li>Les rapports m\u00e9dicaux et les tests de laboratoire<\/li><li>Les textes juridiques et financiers (contrats, documents extrajudiciaires, proc\u00e8s, bilans, pi\u00e8ces justificatives, correspondance commerciale, etc.)<\/li><li>Les manuels techniques, manuels d&rsquo;utilisation et manuels d&rsquo;instructions<\/li><li>Les copies publicitaires, brochures et d\u00e9pliants<\/li><li>Les textes scientifiques<\/li><li>Les emballages de produits et \u00e9tiquettes d&#8217;emballages alimentaires<\/li><li>Les articles de journaux et de magazines<\/li><li>Les communiqu\u00e9s de presse<\/li><li>Les sites Internet<\/li><\/ul>\t\t\t\t\t\t\t\t<\/div>\n\t\t\t\t<\/div>\n\t\t\t\t\t<\/div>\n\t\t<\/div>\n\t\t\t\t<div class=\"elementor-column elementor-col-33 elementor-top-column elementor-element elementor-element-26eddb1\" data-id=\"26eddb1\" data-element_type=\"column\" data-e-type=\"column\">\n\t\t\t<div class=\"elementor-widget-wrap elementor-element-populated\">\n\t\t\t\t\t\t<div class=\"elementor-element elementor-element-dca5d9b elementor-widget elementor-widget-oew-wpforms\" data-id=\"dca5d9b\" data-element_type=\"widget\" data-e-type=\"widget\" data-widget_type=\"oew-wpforms.default\">\n\t\t\t\t<div class=\"elementor-widget-container\">\n\t\t\t\t\t<div class=\"wpforms-container wpforms-container-full\" id=\"wpforms-767\"><form id=\"wpforms-form-767\" class=\"wpforms-validate wpforms-form\" data-formid=\"767\" method=\"post\" enctype=\"multipart\/form-data\" action=\"\/fr\/traduction-services\/\" data-token=\"8ab6db4bca16f739f70a8e62852caedb\" data-token-time=\"1777388200\"><noscript class=\"wpforms-error-noscript\">Veuillez activer JavaScript dans votre navigateur pour remplir ce formulaire.<\/noscript><div class=\"wpforms-field-container\"><div id=\"wpforms-767-field_0-container\" class=\"wpforms-field wpforms-field-name\" data-field-id=\"0\"><label class=\"wpforms-field-label\" for=\"wpforms-767-field_0\">Nom complet <span class=\"wpforms-required-label\">*<\/span><\/label><input type=\"text\" id=\"wpforms-767-field_0\" class=\"wpforms-field-large wpforms-field-required\" name=\"wpforms[fields][0]\" required><\/div><div id=\"wpforms-767-field_1-container\" class=\"wpforms-field wpforms-field-email\" data-field-id=\"1\"><label class=\"wpforms-field-label\" for=\"wpforms-767-field_1\">Email <span class=\"wpforms-required-label\">*<\/span><\/label><input type=\"email\" id=\"wpforms-767-field_1\" class=\"wpforms-field-large wpforms-field-required\" name=\"wpforms[fields][1]\" spellcheck=\"false\" required><\/div><div id=\"wpforms-767-field_2-container\" class=\"wpforms-field wpforms-field-textarea\" data-field-id=\"2\"><label class=\"wpforms-field-label\" for=\"wpforms-767-field_2\">Votre message <span class=\"wpforms-required-label\">*<\/span><\/label><textarea id=\"wpforms-767-field_2\" class=\"wpforms-field-medium wpforms-field-required\" name=\"wpforms[fields][2]\" required><\/textarea><div class=\"wpforms-field-description\">Le pr\u00e9sent site est prot\u00e9g\u00e9 par reCAPTCHA, et adh\u00e8re aux <a href=\"https:\/\/policies.google.com\/privacy\" target=\"_blank\" rel=\"noopener noreferrer\" class=\"form-terms-link\">politiques de confidentialit\u00e9<\/a> et aux <a href=\"https:\/\/policies.google.com\/terms\" target=\"_blank\" rel=\"noopener noreferrer\" class=\"form-terms-link\">conditions d\u2019utilisation<\/a> de Google.<\/div><\/div><\/div><!-- .wpforms-field-container --><div class=\"wpforms-field wpforms-field-hp\"><label for=\"wpforms-767-field-hp\" class=\"wpforms-field-label\">Phone<\/label><input type=\"text\" name=\"wpforms[hp]\" id=\"wpforms-767-field-hp\" class=\"wpforms-field-medium\"><\/div><div class=\"wpforms-recaptcha-container wpforms-is-recaptcha wpforms-is-recaptcha-type-v3\" ><input type=\"hidden\" name=\"wpforms[recaptcha]\" value=\"\"><\/div><div class=\"wpforms-submit-container\" ><input type=\"hidden\" name=\"wpforms[id]\" value=\"767\"><input type=\"hidden\" name=\"page_title\" value=\"Traduction Services\"><input type=\"hidden\" name=\"page_url\" value=\"https:\/\/liaison.gr\/fr\/traduction-services\/\"><input type=\"hidden\" name=\"url_referer\" value=\"https:\/\/liaison.gr\/fr\/formation\/\"><input type=\"hidden\" name=\"page_id\" value=\"761\"><input type=\"hidden\" name=\"wpforms[post_id]\" value=\"761\"><button type=\"submit\" name=\"wpforms[submit]\" id=\"wpforms-submit-767\" class=\"wpforms-submit\" data-alt-text=\"Envoi du message...\" data-submit-text=\"Envoyer le message\" aria-live=\"assertive\" value=\"wpforms-submit\">Envoyer le message<\/button><\/div><\/form><\/div>  <!-- .wpforms-container -->\t\t\t\t<\/div>\n\t\t\t\t<\/div>\n\t\t\t\t\t<\/div>\n\t\t<\/div>\n\t\t\t\t\t<\/div>\n\t\t<\/section>\n\t\t\t\t<section class=\"elementor-section elementor-top-section elementor-element elementor-element-5055c8b elementor-section-boxed elementor-section-height-default elementor-section-height-default\" data-id=\"5055c8b\" data-element_type=\"section\" data-e-type=\"section\">\n\t\t\t\t\t\t<div class=\"elementor-container elementor-column-gap-default\">\n\t\t\t\t\t<div class=\"elementor-column elementor-col-100 elementor-top-column elementor-element elementor-element-270dd00\" data-id=\"270dd00\" data-element_type=\"column\" data-e-type=\"column\">\n\t\t\t<div class=\"elementor-widget-wrap elementor-element-populated\">\n\t\t\t\t\t\t<div class=\"elementor-element elementor-element-ee03d13 elementor-widget elementor-widget-heading\" data-id=\"ee03d13\" data-element_type=\"widget\" data-e-type=\"widget\" data-widget_type=\"heading.default\">\n\t\t\t\t<div class=\"elementor-widget-container\">\n\t\t\t\t\t<p class=\"elementor-heading-title elementor-size-default\">Traduction et SEO<\/p>\t\t\t\t<\/div>\n\t\t\t\t<\/div>\n\t\t\t\t<div class=\"elementor-element elementor-element-117a4bb elementor-widget elementor-widget-text-editor\" data-id=\"117a4bb\" data-element_type=\"widget\" data-e-type=\"widget\" data-widget_type=\"text-editor.default\">\n\t\t\t\t<div class=\"elementor-widget-container\">\n\t\t\t\t\t\t\t\t\t<p>Nous vivons dans l&rsquo;\u00e8re du num\u00e9rique, et nos projets de traduction et d&rsquo;\u00e9criture cr\u00e9ative dans une autre langue respectent donc toujours les r\u00e8gles SEO de la langue cible. Le r\u00e9sultat : un texte qui conserve tout son sens dans la langue de votre choix tout en atteignant son public cible.<\/p>\t\t\t\t\t\t\t\t<\/div>\n\t\t\t\t<\/div>\n\t\t\t\t\t<\/div>\n\t\t<\/div>\n\t\t\t\t\t<\/div>\n\t\t<\/section>\n\t\t\t\t<\/div>\n\t\t","protected":false},"excerpt":{"rendered":"<p>Traduction Services Pour nous, aucun projet de traduction n&rsquo;est trop vaste pour \u00eatre g\u00e9r\u00e9, ni trop petit pour m\u00e9riter toute notre attention. Le traducteur professionnel et comp\u00e9tent a \u00e9tudi\u00e9 l\u2019art de transf\u00e9rer avec pr\u00e9cision le sens d&rsquo;une langue \u00e0 l&rsquo;autre. Gr\u00e2ce \u00e0 un ensemble d&rsquo;outils technologiques et de logiciels modernes (th\u00e9saurus, corpus, textes de r\u00e9f\u00e9rence, [&hellip;]<\/p>\n","protected":false},"author":2,"featured_media":568,"parent":0,"menu_order":0,"comment_status":"closed","ping_status":"closed","template":"","meta":{"ocean_post_layout":"full-screen","ocean_both_sidebars_style":"","ocean_both_sidebars_content_width":0,"ocean_both_sidebars_sidebars_width":0,"ocean_sidebar":"0","ocean_second_sidebar":"0","ocean_disable_margins":"on","ocean_add_body_class":"","ocean_shortcode_before_top_bar":"","ocean_shortcode_after_top_bar":"","ocean_shortcode_before_header":"","ocean_shortcode_after_header":"","ocean_has_shortcode":"","ocean_shortcode_after_title":"","ocean_shortcode_before_footer_widgets":"","ocean_shortcode_after_footer_widgets":"","ocean_shortcode_before_footer_bottom":"","ocean_shortcode_after_footer_bottom":"","ocean_display_top_bar":"default","ocean_display_header":"default","ocean_header_style":"","ocean_center_header_left_menu":"0","ocean_custom_header_template":"0","ocean_custom_logo":0,"ocean_custom_retina_logo":0,"ocean_custom_logo_max_width":0,"ocean_custom_logo_tablet_max_width":0,"ocean_custom_logo_mobile_max_width":0,"ocean_custom_logo_max_height":0,"ocean_custom_logo_tablet_max_height":0,"ocean_custom_logo_mobile_max_height":0,"ocean_header_custom_menu":"0","ocean_menu_typo_font_family":"0","ocean_menu_typo_font_subset":"","ocean_menu_typo_font_size":0,"ocean_menu_typo_font_size_tablet":0,"ocean_menu_typo_font_size_mobile":0,"ocean_menu_typo_font_size_unit":"px","ocean_menu_typo_font_weight":"","ocean_menu_typo_font_weight_tablet":"","ocean_menu_typo_font_weight_mobile":"","ocean_menu_typo_transform":"","ocean_menu_typo_transform_tablet":"","ocean_menu_typo_transform_mobile":"","ocean_menu_typo_line_height":0,"ocean_menu_typo_line_height_tablet":0,"ocean_menu_typo_line_height_mobile":0,"ocean_menu_typo_line_height_unit":"","ocean_menu_typo_spacing":0,"ocean_menu_typo_spacing_tablet":0,"ocean_menu_typo_spacing_mobile":0,"ocean_menu_typo_spacing_unit":"","ocean_menu_link_color":"","ocean_menu_link_color_hover":"","ocean_menu_link_color_active":"","ocean_menu_link_background":"","ocean_menu_link_hover_background":"","ocean_menu_link_active_background":"","ocean_menu_social_links_bg":"","ocean_menu_social_hover_links_bg":"","ocean_menu_social_links_color":"","ocean_menu_social_hover_links_color":"","ocean_disable_title":"default","ocean_disable_heading":"on","ocean_post_title":"","ocean_post_subheading":"","ocean_post_title_style":"","ocean_post_title_background_color":"","ocean_post_title_background":0,"ocean_post_title_bg_image_position":"","ocean_post_title_bg_image_attachment":"","ocean_post_title_bg_image_repeat":"","ocean_post_title_bg_image_size":"","ocean_post_title_height":0,"ocean_post_title_bg_overlay":0.5,"ocean_post_title_bg_overlay_color":"","ocean_disable_breadcrumbs":"default","ocean_breadcrumbs_color":"","ocean_breadcrumbs_separator_color":"","ocean_breadcrumbs_links_color":"","ocean_breadcrumbs_links_hover_color":"","ocean_display_footer_widgets":"default","ocean_display_footer_bottom":"default","ocean_custom_footer_template":"0","osh_disable_topbar_sticky":"default","osh_disable_header_sticky":"default","osh_sticky_header_style":"default","osh_sticky_header_effect":"","osh_custom_sticky_logo":0,"osh_custom_retina_sticky_logo":0,"osh_custom_sticky_logo_height":0,"osh_background_color":"","osh_links_color":"","osh_links_hover_color":"","osh_links_active_color":"","osh_links_bg_color":"","osh_links_hover_bg_color":"","osh_links_active_bg_color":"","osh_menu_social_links_color":"","osh_menu_social_hover_links_color":"","footnotes":""},"class_list":["post-761","page","type-page","status-publish","has-post-thumbnail","hentry","entry","has-media"],"yoast_head":"<!-- This site is optimized with the Yoast SEO plugin v27.4 - https:\/\/yoast.com\/product\/yoast-seo-wordpress\/ -->\n<title>Traduction Services - Liaison Translation &amp; Interpreting<\/title>\n<meta name=\"robots\" content=\"index, follow, max-snippet:-1, max-image-preview:large, max-video-preview:-1\" \/>\n<link rel=\"canonical\" href=\"https:\/\/liaison.gr\/fr\/traduction-services\/\" \/>\n<meta property=\"og:locale\" content=\"fr_FR\" \/>\n<meta property=\"og:type\" content=\"article\" \/>\n<meta property=\"og:title\" content=\"Traduction Services - Liaison Translation &amp; Interpreting\" \/>\n<meta property=\"og:description\" content=\"Traduction Services Pour nous, aucun projet de traduction n&rsquo;est trop vaste pour \u00eatre g\u00e9r\u00e9, ni trop petit pour m\u00e9riter toute notre attention. Le traducteur professionnel et comp\u00e9tent a \u00e9tudi\u00e9 l\u2019art de transf\u00e9rer avec pr\u00e9cision le sens d&rsquo;une langue \u00e0 l&rsquo;autre. Gr\u00e2ce \u00e0 un ensemble d&rsquo;outils technologiques et de logiciels modernes (th\u00e9saurus, corpus, textes de r\u00e9f\u00e9rence, [&hellip;]\" \/>\n<meta property=\"og:url\" content=\"https:\/\/liaison.gr\/fr\/traduction-services\/\" \/>\n<meta property=\"og:site_name\" content=\"Liaison Translation &amp; Interpreting\" \/>\n<meta property=\"article:publisher\" content=\"https:\/\/www.facebook.com\/Liaison-Translation-Interpreting-194542961027533\/\" \/>\n<meta property=\"article:modified_time\" content=\"2019-07-03T08:11:05+00:00\" \/>\n<meta property=\"og:image\" content=\"https:\/\/liaison.gr\/wp-content\/uploads\/2019\/06\/Liaison-Translation-Interpreting-services.jpg\" \/>\n\t<meta property=\"og:image:width\" content=\"1400\" \/>\n\t<meta property=\"og:image:height\" content=\"529\" \/>\n\t<meta property=\"og:image:type\" content=\"image\/jpeg\" \/>\n<meta name=\"twitter:card\" content=\"summary_large_image\" \/>\n<meta name=\"twitter:site\" content=\"@greekliaison\" \/>\n<meta name=\"twitter:label1\" content=\"Dur\u00e9e de lecture estim\u00e9e\" \/>\n\t<meta name=\"twitter:data1\" content=\"1 minute\" \/>\n<script type=\"application\/ld+json\" class=\"yoast-schema-graph\">{\"@context\":\"https:\\\/\\\/schema.org\",\"@graph\":[{\"@type\":\"WebPage\",\"@id\":\"https:\\\/\\\/liaison.gr\\\/fr\\\/traduction-services\\\/\",\"url\":\"https:\\\/\\\/liaison.gr\\\/fr\\\/traduction-services\\\/\",\"name\":\"Traduction Services - Liaison Translation &amp; Interpreting\",\"isPartOf\":{\"@id\":\"https:\\\/\\\/liaison.gr\\\/fr\\\/#website\"},\"primaryImageOfPage\":{\"@id\":\"https:\\\/\\\/liaison.gr\\\/fr\\\/traduction-services\\\/#primaryimage\"},\"image\":{\"@id\":\"https:\\\/\\\/liaison.gr\\\/fr\\\/traduction-services\\\/#primaryimage\"},\"thumbnailUrl\":\"https:\\\/\\\/liaison.gr\\\/wp-content\\\/uploads\\\/2019\\\/06\\\/Liaison-Translation-Interpreting-services.jpg\",\"datePublished\":\"2019-06-18T09:23:14+00:00\",\"dateModified\":\"2019-07-03T08:11:05+00:00\",\"breadcrumb\":{\"@id\":\"https:\\\/\\\/liaison.gr\\\/fr\\\/traduction-services\\\/#breadcrumb\"},\"inLanguage\":\"fr-FR\",\"potentialAction\":[{\"@type\":\"ReadAction\",\"target\":[\"https:\\\/\\\/liaison.gr\\\/fr\\\/traduction-services\\\/\"]}]},{\"@type\":\"ImageObject\",\"inLanguage\":\"fr-FR\",\"@id\":\"https:\\\/\\\/liaison.gr\\\/fr\\\/traduction-services\\\/#primaryimage\",\"url\":\"https:\\\/\\\/liaison.gr\\\/wp-content\\\/uploads\\\/2019\\\/06\\\/Liaison-Translation-Interpreting-services.jpg\",\"contentUrl\":\"https:\\\/\\\/liaison.gr\\\/wp-content\\\/uploads\\\/2019\\\/06\\\/Liaison-Translation-Interpreting-services.jpg\",\"width\":1400,\"height\":529,\"caption\":\"Liaison Translation - Interpreting - services\"},{\"@type\":\"BreadcrumbList\",\"@id\":\"https:\\\/\\\/liaison.gr\\\/fr\\\/traduction-services\\\/#breadcrumb\",\"itemListElement\":[{\"@type\":\"ListItem\",\"position\":1,\"name\":\"Home\",\"item\":\"https:\\\/\\\/liaison.gr\\\/fr\\\/\"},{\"@type\":\"ListItem\",\"position\":2,\"name\":\"Traduction Services\"}]},{\"@type\":\"WebSite\",\"@id\":\"https:\\\/\\\/liaison.gr\\\/fr\\\/#website\",\"url\":\"https:\\\/\\\/liaison.gr\\\/fr\\\/\",\"name\":\"Liaison Translation &amp; Interpreting\",\"description\":\"Vassiliki Dadavassili\",\"publisher\":{\"@id\":\"https:\\\/\\\/liaison.gr\\\/fr\\\/#organization\"},\"potentialAction\":[{\"@type\":\"SearchAction\",\"target\":{\"@type\":\"EntryPoint\",\"urlTemplate\":\"https:\\\/\\\/liaison.gr\\\/fr\\\/?s={search_term_string}\"},\"query-input\":{\"@type\":\"PropertyValueSpecification\",\"valueRequired\":true,\"valueName\":\"search_term_string\"}}],\"inLanguage\":\"fr-FR\"},{\"@type\":\"Organization\",\"@id\":\"https:\\\/\\\/liaison.gr\\\/fr\\\/#organization\",\"name\":\"Liaison Translation & Interpreting\",\"url\":\"https:\\\/\\\/liaison.gr\\\/fr\\\/\",\"logo\":{\"@type\":\"ImageObject\",\"inLanguage\":\"fr-FR\",\"@id\":\"https:\\\/\\\/liaison.gr\\\/fr\\\/#\\\/schema\\\/logo\\\/image\\\/\",\"url\":\"https:\\\/\\\/liaison.gr\\\/wp-content\\\/uploads\\\/2019\\\/06\\\/Liaison-Translation-Interpreting-Vassiliki-Dadavassili-Logo-mobile-1.jpg\",\"contentUrl\":\"https:\\\/\\\/liaison.gr\\\/wp-content\\\/uploads\\\/2019\\\/06\\\/Liaison-Translation-Interpreting-Vassiliki-Dadavassili-Logo-mobile-1.jpg\",\"width\":145,\"height\":50,\"caption\":\"Liaison Translation & Interpreting\"},\"image\":{\"@id\":\"https:\\\/\\\/liaison.gr\\\/fr\\\/#\\\/schema\\\/logo\\\/image\\\/\"},\"sameAs\":[\"https:\\\/\\\/www.facebook.com\\\/Liaison-Translation-Interpreting-194542961027533\\\/\",\"https:\\\/\\\/x.com\\\/greekliaison\",\"https:\\\/\\\/www.linkedin.com\\\/in\\\/vassilikidadavassili\\\/\"]}]}<\/script>\n<!-- \/ Yoast SEO plugin. -->","yoast_head_json":{"title":"Traduction Services - Liaison Translation &amp; Interpreting","robots":{"index":"index","follow":"follow","max-snippet":"max-snippet:-1","max-image-preview":"max-image-preview:large","max-video-preview":"max-video-preview:-1"},"canonical":"https:\/\/liaison.gr\/fr\/traduction-services\/","og_locale":"fr_FR","og_type":"article","og_title":"Traduction Services - Liaison Translation &amp; Interpreting","og_description":"Traduction Services Pour nous, aucun projet de traduction n&rsquo;est trop vaste pour \u00eatre g\u00e9r\u00e9, ni trop petit pour m\u00e9riter toute notre attention. Le traducteur professionnel et comp\u00e9tent a \u00e9tudi\u00e9 l\u2019art de transf\u00e9rer avec pr\u00e9cision le sens d&rsquo;une langue \u00e0 l&rsquo;autre. Gr\u00e2ce \u00e0 un ensemble d&rsquo;outils technologiques et de logiciels modernes (th\u00e9saurus, corpus, textes de r\u00e9f\u00e9rence, [&hellip;]","og_url":"https:\/\/liaison.gr\/fr\/traduction-services\/","og_site_name":"Liaison Translation &amp; Interpreting","article_publisher":"https:\/\/www.facebook.com\/Liaison-Translation-Interpreting-194542961027533\/","article_modified_time":"2019-07-03T08:11:05+00:00","og_image":[{"width":1400,"height":529,"url":"https:\/\/liaison.gr\/wp-content\/uploads\/2019\/06\/Liaison-Translation-Interpreting-services.jpg","type":"image\/jpeg"}],"twitter_card":"summary_large_image","twitter_site":"@greekliaison","twitter_misc":{"Dur\u00e9e de lecture estim\u00e9e":"1 minute"},"schema":{"@context":"https:\/\/schema.org","@graph":[{"@type":"WebPage","@id":"https:\/\/liaison.gr\/fr\/traduction-services\/","url":"https:\/\/liaison.gr\/fr\/traduction-services\/","name":"Traduction Services - Liaison Translation &amp; Interpreting","isPartOf":{"@id":"https:\/\/liaison.gr\/fr\/#website"},"primaryImageOfPage":{"@id":"https:\/\/liaison.gr\/fr\/traduction-services\/#primaryimage"},"image":{"@id":"https:\/\/liaison.gr\/fr\/traduction-services\/#primaryimage"},"thumbnailUrl":"https:\/\/liaison.gr\/wp-content\/uploads\/2019\/06\/Liaison-Translation-Interpreting-services.jpg","datePublished":"2019-06-18T09:23:14+00:00","dateModified":"2019-07-03T08:11:05+00:00","breadcrumb":{"@id":"https:\/\/liaison.gr\/fr\/traduction-services\/#breadcrumb"},"inLanguage":"fr-FR","potentialAction":[{"@type":"ReadAction","target":["https:\/\/liaison.gr\/fr\/traduction-services\/"]}]},{"@type":"ImageObject","inLanguage":"fr-FR","@id":"https:\/\/liaison.gr\/fr\/traduction-services\/#primaryimage","url":"https:\/\/liaison.gr\/wp-content\/uploads\/2019\/06\/Liaison-Translation-Interpreting-services.jpg","contentUrl":"https:\/\/liaison.gr\/wp-content\/uploads\/2019\/06\/Liaison-Translation-Interpreting-services.jpg","width":1400,"height":529,"caption":"Liaison Translation - Interpreting - services"},{"@type":"BreadcrumbList","@id":"https:\/\/liaison.gr\/fr\/traduction-services\/#breadcrumb","itemListElement":[{"@type":"ListItem","position":1,"name":"Home","item":"https:\/\/liaison.gr\/fr\/"},{"@type":"ListItem","position":2,"name":"Traduction Services"}]},{"@type":"WebSite","@id":"https:\/\/liaison.gr\/fr\/#website","url":"https:\/\/liaison.gr\/fr\/","name":"Liaison Translation &amp; Interpreting","description":"Vassiliki Dadavassili","publisher":{"@id":"https:\/\/liaison.gr\/fr\/#organization"},"potentialAction":[{"@type":"SearchAction","target":{"@type":"EntryPoint","urlTemplate":"https:\/\/liaison.gr\/fr\/?s={search_term_string}"},"query-input":{"@type":"PropertyValueSpecification","valueRequired":true,"valueName":"search_term_string"}}],"inLanguage":"fr-FR"},{"@type":"Organization","@id":"https:\/\/liaison.gr\/fr\/#organization","name":"Liaison Translation & Interpreting","url":"https:\/\/liaison.gr\/fr\/","logo":{"@type":"ImageObject","inLanguage":"fr-FR","@id":"https:\/\/liaison.gr\/fr\/#\/schema\/logo\/image\/","url":"https:\/\/liaison.gr\/wp-content\/uploads\/2019\/06\/Liaison-Translation-Interpreting-Vassiliki-Dadavassili-Logo-mobile-1.jpg","contentUrl":"https:\/\/liaison.gr\/wp-content\/uploads\/2019\/06\/Liaison-Translation-Interpreting-Vassiliki-Dadavassili-Logo-mobile-1.jpg","width":145,"height":50,"caption":"Liaison Translation & Interpreting"},"image":{"@id":"https:\/\/liaison.gr\/fr\/#\/schema\/logo\/image\/"},"sameAs":["https:\/\/www.facebook.com\/Liaison-Translation-Interpreting-194542961027533\/","https:\/\/x.com\/greekliaison","https:\/\/www.linkedin.com\/in\/vassilikidadavassili\/"]}]}},"_links":{"self":[{"href":"https:\/\/liaison.gr\/fr\/wp-json\/wp\/v2\/pages\/761","targetHints":{"allow":["GET"]}}],"collection":[{"href":"https:\/\/liaison.gr\/fr\/wp-json\/wp\/v2\/pages"}],"about":[{"href":"https:\/\/liaison.gr\/fr\/wp-json\/wp\/v2\/types\/page"}],"author":[{"embeddable":true,"href":"https:\/\/liaison.gr\/fr\/wp-json\/wp\/v2\/users\/2"}],"replies":[{"embeddable":true,"href":"https:\/\/liaison.gr\/fr\/wp-json\/wp\/v2\/comments?post=761"}],"version-history":[{"count":6,"href":"https:\/\/liaison.gr\/fr\/wp-json\/wp\/v2\/pages\/761\/revisions"}],"predecessor-version":[{"id":913,"href":"https:\/\/liaison.gr\/fr\/wp-json\/wp\/v2\/pages\/761\/revisions\/913"}],"wp:featuredmedia":[{"embeddable":true,"href":"https:\/\/liaison.gr\/fr\/wp-json\/wp\/v2\/media\/568"}],"wp:attachment":[{"href":"https:\/\/liaison.gr\/fr\/wp-json\/wp\/v2\/media?parent=761"}],"curies":[{"name":"wp","href":"https:\/\/api.w.org\/{rel}","templated":true}]}}